{"id":1435,"date":"2023-02-28T16:29:22","date_gmt":"2023-02-28T16:29:22","guid":{"rendered":"http:\/\/www.orxatesfillol.com\/?page_id=1435"},"modified":"2023-03-14T09:57:05","modified_gmt":"2023-03-14T09:57:05","slug":"productos-con-dispensador","status":"publish","type":"page","link":"http:\/\/www.orxatesfillol.com\/es\/productos-con-dispensador\/","title":{"rendered":"Productos con dispensador"},"content":{"rendered":"\t\t<div data-elementor-type=\"wp-page\" data-elementor-id=\"1435\" class=\"elementor elementor-1435 elementor-1434\" data-elementor-post-type=\"page\">\n\t\t\t\t\t\t<section class=\"elementor-section elementor-top-section elementor-element elementor-element-afe71af elementor-section-boxed elementor-section-height-default elementor-section-height-default\" data-id=\"afe71af\" data-element_type=\"section\">\n\t\t\t\t\t\t<div class=\"elementor-container elementor-column-gap-default\">\n\t\t\t\t\t<div class=\"elementor-column elementor-col-100 elementor-top-column elementor-element elementor-element-b1c78dd\" data-id=\"b1c78dd\" data-element_type=\"column\">\n\t\t\t<div class=\"elementor-widget-wrap elementor-element-populated\">\n\t\t\t\t\t\t<div class=\"elementor-element elementor-element-2dad4b5 elementor-widget elementor-widget-heading\" data-id=\"2dad4b5\" data-element_type=\"widget\" data-widget_type=\"heading.default\">\n\t\t\t\t<div class=\"elementor-widget-container\">\n\t\t\t\t\t<h2 class=\"elementor-heading-title elementor-size-default\">PRODUCTOS FRESCOS<br><b>PARA M\u00c1QUINA DISPENSADORA<\/b><\/h2>\t\t\t\t<\/div>\n\t\t\t\t<\/div>\n\t\t\t\t\t<\/div>\n\t\t<\/div>\n\t\t\t\t\t<\/div>\n\t\t<\/section>\n\t\t\t\t<section class=\"elementor-section elementor-top-section elementor-element elementor-element-4694b33 elementor-section-full_width elementor-section-height-default elementor-section-height-default\" data-id=\"4694b33\" data-element_type=\"section\">\n\t\t\t\t\t\t<div class=\"elementor-container elementor-column-gap-default\">\n\t\t\t\t\t<div class=\"elementor-column elementor-col-100 elementor-top-column elementor-element elementor-element-e0f55d0\" data-id=\"e0f55d0\" data-element_type=\"column\">\n\t\t\t<div class=\"elementor-widget-wrap elementor-element-populated\">\n\t\t\t\t\t\t<section class=\"elementor-section elementor-inner-section elementor-element elementor-element-1acc9a6 elementor-section-full_width elementor-section-height-default elementor-section-height-default\" data-id=\"1acc9a6\" data-element_type=\"section\" data-settings=\"{&quot;background_background&quot;:&quot;classic&quot;}\">\n\t\t\t\t\t\t<div class=\"elementor-container elementor-column-gap-default\">\n\t\t\t\t\t<div class=\"elementor-column elementor-col-33 elementor-inner-column elementor-element elementor-element-1132267\" data-id=\"1132267\" data-element_type=\"column\">\n\t\t\t<div class=\"elementor-widget-wrap elementor-element-populated\">\n\t\t\t\t\t\t<div class=\"elementor-element elementor-element-cfec81b elementor-widget elementor-widget-image\" data-id=\"cfec81b\" data-element_type=\"widget\" data-widget_type=\"image.default\">\n\t\t\t\t<div class=\"elementor-widget-container\">\n\t\t\t\t\t\t\t\t\t\t\t\t\t\t\t\t<a href=\"http:\/\/www.orxatesfillol.com\/es\/productos-con-dispensador\/horchata-natural-dispensador\/\">\n\t\t\t\t\t\t\t<img fetchpriority=\"high\" decoding=\"async\" width=\"900\" height=\"1022\" src=\"https:\/\/www.orxatesfillol.com\/wp-content\/uploads\/2023\/03\/Fillol-dispensadores-horchata.jpg\" class=\"attachment-full size-full wp-image-2150\" alt=\"\" srcset=\"https:\/\/www.orxatesfillol.com\/wp-content\/uploads\/2023\/03\/Fillol-dispensadores-horchata.jpg 900w, https:\/\/www.orxatesfillol.com\/wp-content\/uploads\/2023\/03\/Fillol-dispensadores-horchata-264x300.jpg 264w, https:\/\/www.orxatesfillol.com\/wp-content\/uploads\/2023\/03\/Fillol-dispensadores-horchata-768x872.jpg 768w\" sizes=\"(max-width: 900px) 100vw, 900px\" \/>\t\t\t\t\t\t\t\t<\/a>\n\t\t\t\t\t\t\t\t\t\t\t\t\t\t\t<\/div>\n\t\t\t\t<\/div>\n\t\t\t\t<div class=\"elementor-element elementor-element-91779c9 elementor-widget elementor-widget-text-editor\" data-id=\"91779c9\" data-element_type=\"widget\" data-widget_type=\"text-editor.default\">\n\t\t\t\t<div class=\"elementor-widget-container\">\n\t\t\t\t\t\t\t\t\t<p><strong>HORXATA NATURAL<\/strong><\/p>\t\t\t\t\t\t\t\t<\/div>\n\t\t\t\t<\/div>\n\t\t\t\t<div class=\"elementor-element elementor-element-0de624a elementor-widget elementor-widget-text-editor\" data-id=\"0de624a\" data-element_type=\"widget\" data-widget_type=\"text-editor.default\">\n\t\t\t\t<div class=\"elementor-widget-container\">\n\t\t\t\t\t\t\t\t\t<p><strong>BAG IN BOX 10<\/strong> <strong>L<\/strong> para m\u00e1quina dispensadora. <strong>Opci\u00f3n botellas de 1 L.<\/strong><\/p>\t\t\t\t\t\t\t\t<\/div>\n\t\t\t\t<\/div>\n\t\t\t\t\t<\/div>\n\t\t<\/div>\n\t\t\t\t<div class=\"elementor-column elementor-col-33 elementor-inner-column elementor-element elementor-element-c7e2282\" data-id=\"c7e2282\" data-element_type=\"column\">\n\t\t\t<div class=\"elementor-widget-wrap elementor-element-populated\">\n\t\t\t\t\t\t<div class=\"elementor-element elementor-element-4b407ca elementor-widget elementor-widget-image\" data-id=\"4b407ca\" data-element_type=\"widget\" data-widget_type=\"image.default\">\n\t\t\t\t<div class=\"elementor-widget-container\">\n\t\t\t\t\t\t\t\t\t\t\t\t\t\t\t\t<a href=\"http:\/\/www.orxatesfillol.com\/es\/productos-con-dispensador\/granizados-dispensador\/\">\n\t\t\t\t\t\t\t<img decoding=\"async\" width=\"900\" height=\"1022\" src=\"https:\/\/www.orxatesfillol.com\/wp-content\/uploads\/2023\/03\/Fillol-dispensadores-granizados.jpg\" class=\"attachment-full size-full wp-image-2152\" alt=\"\" srcset=\"https:\/\/www.orxatesfillol.com\/wp-content\/uploads\/2023\/03\/Fillol-dispensadores-granizados.jpg 900w, https:\/\/www.orxatesfillol.com\/wp-content\/uploads\/2023\/03\/Fillol-dispensadores-granizados-264x300.jpg 264w, https:\/\/www.orxatesfillol.com\/wp-content\/uploads\/2023\/03\/Fillol-dispensadores-granizados-768x872.jpg 768w\" sizes=\"(max-width: 900px) 100vw, 900px\" \/>\t\t\t\t\t\t\t\t<\/a>\n\t\t\t\t\t\t\t\t\t\t\t\t\t\t\t<\/div>\n\t\t\t\t<\/div>\n\t\t\t\t<div class=\"elementor-element elementor-element-7129d3f elementor-widget elementor-widget-text-editor\" data-id=\"7129d3f\" data-element_type=\"widget\" data-widget_type=\"text-editor.default\">\n\t\t\t\t<div class=\"elementor-widget-container\">\n\t\t\t\t\t\t\t\t\t<p><strong>GRANIZADOS<\/strong><\/p>\t\t\t\t\t\t\t\t<\/div>\n\t\t\t\t<\/div>\n\t\t\t\t<div class=\"elementor-element elementor-element-1834a04 elementor-widget elementor-widget-text-editor\" data-id=\"1834a04\" data-element_type=\"widget\" data-widget_type=\"text-editor.default\">\n\t\t\t\t<div class=\"elementor-widget-container\">\n\t\t\t\t\t\t\t\t\t<p><strong>Zumo de fruta Natural<br \/>BAG IN BOX 10 L<\/strong> para m\u00e1quina dispensadora<\/p>\t\t\t\t\t\t\t\t<\/div>\n\t\t\t\t<\/div>\n\t\t\t\t\t<\/div>\n\t\t<\/div>\n\t\t\t\t<div class=\"elementor-column elementor-col-33 elementor-inner-column elementor-element elementor-element-8f03f20\" data-id=\"8f03f20\" data-element_type=\"column\">\n\t\t\t<div class=\"elementor-widget-wrap elementor-element-populated\">\n\t\t\t\t\t\t<div class=\"elementor-element elementor-element-24a8587 elementor-widget elementor-widget-image\" data-id=\"24a8587\" data-element_type=\"widget\" data-widget_type=\"image.default\">\n\t\t\t\t<div class=\"elementor-widget-container\">\n\t\t\t\t\t\t\t\t\t\t\t\t\t\t\t\t<a href=\"http:\/\/www.orxatesfillol.com\/es\/productos-con-dispensador\/smoothies-dispensador\/\">\n\t\t\t\t\t\t\t<img decoding=\"async\" width=\"900\" height=\"1022\" src=\"https:\/\/www.orxatesfillol.com\/wp-content\/uploads\/2023\/03\/Fillol-dispensadores-smoothies.jpg\" class=\"attachment-full size-full wp-image-2154\" alt=\"\" srcset=\"https:\/\/www.orxatesfillol.com\/wp-content\/uploads\/2023\/03\/Fillol-dispensadores-smoothies.jpg 900w, https:\/\/www.orxatesfillol.com\/wp-content\/uploads\/2023\/03\/Fillol-dispensadores-smoothies-264x300.jpg 264w, https:\/\/www.orxatesfillol.com\/wp-content\/uploads\/2023\/03\/Fillol-dispensadores-smoothies-768x872.jpg 768w\" sizes=\"(max-width: 900px) 100vw, 900px\" \/>\t\t\t\t\t\t\t\t<\/a>\n\t\t\t\t\t\t\t\t\t\t\t\t\t\t\t<\/div>\n\t\t\t\t<\/div>\n\t\t\t\t<div class=\"elementor-element elementor-element-90e9ae7 elementor-widget elementor-widget-text-editor\" data-id=\"90e9ae7\" data-element_type=\"widget\" data-widget_type=\"text-editor.default\">\n\t\t\t\t<div class=\"elementor-widget-container\">\n\t\t\t\t\t\t\t\t\t<p><strong>SMOOTHIES<\/strong><\/p>\t\t\t\t\t\t\t\t<\/div>\n\t\t\t\t<\/div>\n\t\t\t\t<div class=\"elementor-element elementor-element-0b6c617 elementor-widget elementor-widget-text-editor\" data-id=\"0b6c617\" data-element_type=\"widget\" data-widget_type=\"text-editor.default\">\n\t\t\t\t<div class=\"elementor-widget-container\">\n\t\t\t\t\t\t\t\t\t<p>Mezcla de fruta y zumos.<br \/><strong>BAG IN BOX 5 L<\/strong> para m\u00e1quina dispensadora<\/p>\t\t\t\t\t\t\t\t<\/div>\n\t\t\t\t<\/div>\n\t\t\t\t\t<\/div>\n\t\t<\/div>\n\t\t\t\t\t<\/div>\n\t\t<\/section>\n\t\t\t\t<section class=\"elementor-section elementor-inner-section elementor-element elementor-element-fd4a9b6 elementor-section-full_width elementor-section-height-default elementor-section-height-default\" data-id=\"fd4a9b6\" data-element_type=\"section\" data-settings=\"{&quot;background_background&quot;:&quot;classic&quot;}\">\n\t\t\t\t\t\t<div class=\"elementor-container elementor-column-gap-default\">\n\t\t\t\t\t<div class=\"elementor-column elementor-col-33 elementor-inner-column elementor-element elementor-element-d3e749b\" data-id=\"d3e749b\" data-element_type=\"column\">\n\t\t\t<div class=\"elementor-widget-wrap elementor-element-populated\">\n\t\t\t\t\t\t<div class=\"elementor-element elementor-element-6ce2346 elementor-widget elementor-widget-image\" data-id=\"6ce2346\" data-element_type=\"widget\" data-widget_type=\"image.default\">\n\t\t\t\t<div class=\"elementor-widget-container\">\n\t\t\t\t\t\t\t\t\t\t\t\t\t\t\t\t<a href=\"http:\/\/www.orxatesfillol.com\/es\/productos-con-dispensador\/frappes-dispensador\/\">\n\t\t\t\t\t\t\t<img loading=\"lazy\" decoding=\"async\" width=\"900\" height=\"1022\" src=\"https:\/\/www.orxatesfillol.com\/wp-content\/uploads\/2023\/03\/Fillol-dispensadores-Frappes.jpg\" class=\"attachment-full size-full wp-image-2156\" alt=\"\" srcset=\"https:\/\/www.orxatesfillol.com\/wp-content\/uploads\/2023\/03\/Fillol-dispensadores-Frappes.jpg 900w, https:\/\/www.orxatesfillol.com\/wp-content\/uploads\/2023\/03\/Fillol-dispensadores-Frappes-264x300.jpg 264w, https:\/\/www.orxatesfillol.com\/wp-content\/uploads\/2023\/03\/Fillol-dispensadores-Frappes-768x872.jpg 768w\" sizes=\"(max-width: 900px) 100vw, 900px\" \/>\t\t\t\t\t\t\t\t<\/a>\n\t\t\t\t\t\t\t\t\t\t\t\t\t\t\t<\/div>\n\t\t\t\t<\/div>\n\t\t\t\t<div class=\"elementor-element elementor-element-d9bfd6c elementor-widget elementor-widget-text-editor\" data-id=\"d9bfd6c\" data-element_type=\"widget\" data-widget_type=\"text-editor.default\">\n\t\t\t\t<div class=\"elementor-widget-container\">\n\t\t\t\t\t\t\t\t\t<p><strong>FRAPPES<\/strong><\/p>\t\t\t\t\t\t\t\t<\/div>\n\t\t\t\t<\/div>\n\t\t\t\t<div class=\"elementor-element elementor-element-a661662 elementor-widget elementor-widget-text-editor\" data-id=\"a661662\" data-element_type=\"widget\" data-widget_type=\"text-editor.default\">\n\t\t\t\t<div class=\"elementor-widget-container\">\n\t\t\t\t\t\t\t\t\t<p>Caf\u00e9, Leche y granizado<br \/><strong>BAG IN BOX 5 L<\/strong> para m\u00e1quina dispensadora<\/p>\t\t\t\t\t\t\t\t<\/div>\n\t\t\t\t<\/div>\n\t\t\t\t\t<\/div>\n\t\t<\/div>\n\t\t\t\t<div class=\"elementor-column elementor-col-33 elementor-inner-column elementor-element elementor-element-2e9debe\" data-id=\"2e9debe\" data-element_type=\"column\">\n\t\t\t<div class=\"elementor-widget-wrap elementor-element-populated\">\n\t\t\t\t\t\t<div class=\"elementor-element elementor-element-133c128 elementor-widget elementor-widget-image\" data-id=\"133c128\" data-element_type=\"widget\" data-widget_type=\"image.default\">\n\t\t\t\t<div class=\"elementor-widget-container\">\n\t\t\t\t\t\t\t\t\t\t\t\t\t\t\t\t<a href=\"http:\/\/www.orxatesfillol.com\/es\/productos-con-dispensador\/leche-merengada-dispensador\/\">\n\t\t\t\t\t\t\t<img loading=\"lazy\" decoding=\"async\" width=\"900\" height=\"1022\" src=\"https:\/\/www.orxatesfillol.com\/wp-content\/uploads\/2023\/03\/Fillol-dispensadores-leche-merengada.jpg\" class=\"attachment-full size-full wp-image-2158\" alt=\"\" srcset=\"https:\/\/www.orxatesfillol.com\/wp-content\/uploads\/2023\/03\/Fillol-dispensadores-leche-merengada.jpg 900w, https:\/\/www.orxatesfillol.com\/wp-content\/uploads\/2023\/03\/Fillol-dispensadores-leche-merengada-264x300.jpg 264w, https:\/\/www.orxatesfillol.com\/wp-content\/uploads\/2023\/03\/Fillol-dispensadores-leche-merengada-768x872.jpg 768w\" sizes=\"(max-width: 900px) 100vw, 900px\" \/>\t\t\t\t\t\t\t\t<\/a>\n\t\t\t\t\t\t\t\t\t\t\t\t\t\t\t<\/div>\n\t\t\t\t<\/div>\n\t\t\t\t<div class=\"elementor-element elementor-element-78affa8 elementor-widget elementor-widget-text-editor\" data-id=\"78affa8\" data-element_type=\"widget\" data-widget_type=\"text-editor.default\">\n\t\t\t\t<div class=\"elementor-widget-container\">\n\t\t\t\t\t\t\t\t\t<p><strong>LECHE MERENGADA<\/strong><\/p>\t\t\t\t\t\t\t\t<\/div>\n\t\t\t\t<\/div>\n\t\t\t\t<div class=\"elementor-element elementor-element-71435a3 elementor-widget elementor-widget-text-editor\" data-id=\"71435a3\" data-element_type=\"widget\" data-widget_type=\"text-editor.default\">\n\t\t\t\t<div class=\"elementor-widget-container\">\n\t\t\t\t\t\t\t\t\t<p>Leche fresca con az\u00facar, canela y lim\u00f3n<br \/><strong>BAG IN BOX 7 L<\/strong> para m\u00e1quina dispensadora<\/p>\t\t\t\t\t\t\t\t<\/div>\n\t\t\t\t<\/div>\n\t\t\t\t\t<\/div>\n\t\t<\/div>\n\t\t\t\t<div class=\"elementor-column elementor-col-33 elementor-inner-column elementor-element elementor-element-3a669d3\" data-id=\"3a669d3\" data-element_type=\"column\" data-settings=\"{&quot;background_background&quot;:&quot;classic&quot;}\">\n\t\t\t<div class=\"elementor-widget-wrap\">\n\t\t\t\t\t\t\t<\/div>\n\t\t<\/div>\n\t\t\t\t\t<\/div>\n\t\t<\/section>\n\t\t\t\t\t<\/div>\n\t\t<\/div>\n\t\t\t\t\t<\/div>\n\t\t<\/section>\n\t\t\t\t<\/div>\n\t\t","protected":false},"excerpt":{"rendered":"<p>PRODUCTOS FRESCOSPARA M\u00c1QUINA DISPENSADORA HORXATA NATURAL BAG IN BOX 10 L para m\u00e1quina dispensadora. Opci\u00f3n botellas de 1 L. GRANIZADOS Zumo de fruta NaturalBAG IN BOX 10 L para m\u00e1quina dispensadora SMOOTHIES Mezcla de fruta y zumos.BAG IN BOX 5 L para m\u00e1quina dispensadora FRAPPES Caf\u00e9, Leche y granizadoBAG IN BOX 5 L para m\u00e1quina [&hellip;]<\/p>\n","protected":false},"author":2,"featured_media":0,"parent":0,"menu_order":0,"comment_status":"closed","ping_status":"closed","template":"","meta":{"footnotes":""},"class_list":["post-1435","page","type-page","status-publish","hentry"],"yoast_head":"<!-- This site is optimized with the Yoast SEO plugin v26.8 - https:\/\/yoast.com\/product\/yoast-seo-wordpress\/ -->\n<title>Productos con dispensador - Orxates Fillol<\/title>\n<meta name=\"robots\" content=\"index, follow, max-snippet:-1, max-image-preview:large, max-video-preview:-1\" \/>\n<link rel=\"canonical\" href=\"http:\/\/www.orxatesfillol.com\/es\/productos-con-dispensador\/\" \/>\n<meta property=\"og:locale\" content=\"es_ES\" \/>\n<meta property=\"og:type\" content=\"article\" \/>\n<meta property=\"og:title\" content=\"Productos con dispensador - Orxates Fillol\" \/>\n<meta property=\"og:description\" content=\"PRODUCTOS FRESCOSPARA M\u00c1QUINA DISPENSADORA HORXATA NATURAL BAG IN BOX 10 L para m\u00e1quina dispensadora. Opci\u00f3n botellas de 1 L. GRANIZADOS Zumo de fruta NaturalBAG IN BOX 10 L para m\u00e1quina dispensadora SMOOTHIES Mezcla de fruta y zumos.BAG IN BOX 5 L para m\u00e1quina dispensadora FRAPPES Caf\u00e9, Leche y granizadoBAG IN BOX 5 L para m\u00e1quina [&hellip;]\" \/>\n<meta property=\"og:url\" content=\"http:\/\/www.orxatesfillol.com\/es\/productos-con-dispensador\/\" \/>\n<meta property=\"og:site_name\" content=\"Orxates Fillol\" \/>\n<meta property=\"article:modified_time\" content=\"2023-03-14T09:57:05+00:00\" \/>\n<meta property=\"og:image\" content=\"http:\/\/www.orxatesfillol.com\/wp-content\/uploads\/2023\/03\/Fillol-dispensadores-horchata.jpg\" \/>\n<meta name=\"twitter:card\" content=\"summary_large_image\" \/>\n<script type=\"application\/ld+json\" class=\"yoast-schema-graph\">{\"@context\":\"https:\/\/schema.org\",\"@graph\":[{\"@type\":\"WebPage\",\"@id\":\"http:\/\/www.orxatesfillol.com\/es\/productos-con-dispensador\/\",\"url\":\"http:\/\/www.orxatesfillol.com\/es\/productos-con-dispensador\/\",\"name\":\"Productos con dispensador - Orxates Fillol\",\"isPartOf\":{\"@id\":\"https:\/\/www.orxatesfillol.com\/#website\"},\"primaryImageOfPage\":{\"@id\":\"http:\/\/www.orxatesfillol.com\/es\/productos-con-dispensador\/#primaryimage\"},\"image\":{\"@id\":\"http:\/\/www.orxatesfillol.com\/es\/productos-con-dispensador\/#primaryimage\"},\"thumbnailUrl\":\"http:\/\/www.orxatesfillol.com\/wp-content\/uploads\/2023\/03\/Fillol-dispensadores-horchata.jpg\",\"datePublished\":\"2023-02-28T16:29:22+00:00\",\"dateModified\":\"2023-03-14T09:57:05+00:00\",\"breadcrumb\":{\"@id\":\"http:\/\/www.orxatesfillol.com\/es\/productos-con-dispensador\/#breadcrumb\"},\"inLanguage\":\"es\",\"potentialAction\":[{\"@type\":\"ReadAction\",\"target\":[\"http:\/\/www.orxatesfillol.com\/es\/productos-con-dispensador\/\"]}]},{\"@type\":\"ImageObject\",\"inLanguage\":\"es\",\"@id\":\"http:\/\/www.orxatesfillol.com\/es\/productos-con-dispensador\/#primaryimage\",\"url\":\"http:\/\/www.orxatesfillol.com\/wp-content\/uploads\/2023\/03\/Fillol-dispensadores-horchata.jpg\",\"contentUrl\":\"http:\/\/www.orxatesfillol.com\/wp-content\/uploads\/2023\/03\/Fillol-dispensadores-horchata.jpg\"},{\"@type\":\"BreadcrumbList\",\"@id\":\"http:\/\/www.orxatesfillol.com\/es\/productos-con-dispensador\/#breadcrumb\",\"itemListElement\":[{\"@type\":\"ListItem\",\"position\":1,\"name\":\"Inici\",\"item\":\"http:\/\/www.orxatesfillol.com\/es\/\"},{\"@type\":\"ListItem\",\"position\":2,\"name\":\"Productos con dispensador\"}]},{\"@type\":\"WebSite\",\"@id\":\"https:\/\/www.orxatesfillol.com\/#website\",\"url\":\"https:\/\/www.orxatesfillol.com\/\",\"name\":\"Orxates Fillol\",\"description\":\"Orxates, granissats i gelats artesans\",\"publisher\":{\"@id\":\"https:\/\/www.orxatesfillol.com\/#organization\"},\"potentialAction\":[{\"@type\":\"SearchAction\",\"target\":{\"@type\":\"EntryPoint\",\"urlTemplate\":\"https:\/\/www.orxatesfillol.com\/?s={search_term_string}\"},\"query-input\":{\"@type\":\"PropertyValueSpecification\",\"valueRequired\":true,\"valueName\":\"search_term_string\"}}],\"inLanguage\":\"es\"},{\"@type\":\"Organization\",\"@id\":\"https:\/\/www.orxatesfillol.com\/#organization\",\"name\":\"Orxates Fillol\",\"url\":\"https:\/\/www.orxatesfillol.com\/\",\"logo\":{\"@type\":\"ImageObject\",\"inLanguage\":\"es\",\"@id\":\"https:\/\/www.orxatesfillol.com\/#\/schema\/logo\/image\/\",\"url\":\"http:\/\/www.orxatesfillol.com\/wp-content\/uploads\/2021\/03\/logo-fillol-23.png\",\"contentUrl\":\"http:\/\/www.orxatesfillol.com\/wp-content\/uploads\/2021\/03\/logo-fillol-23.png\",\"width\":350,\"height\":192,\"caption\":\"Orxates Fillol\"},\"image\":{\"@id\":\"https:\/\/www.orxatesfillol.com\/#\/schema\/logo\/image\/\"}}]}<\/script>\n<!-- \/ Yoast SEO plugin. -->","yoast_head_json":{"title":"Productos con dispensador - Orxates Fillol","robots":{"index":"index","follow":"follow","max-snippet":"max-snippet:-1","max-image-preview":"max-image-preview:large","max-video-preview":"max-video-preview:-1"},"canonical":"http:\/\/www.orxatesfillol.com\/es\/productos-con-dispensador\/","og_locale":"es_ES","og_type":"article","og_title":"Productos con dispensador - Orxates Fillol","og_description":"PRODUCTOS FRESCOSPARA M\u00c1QUINA DISPENSADORA HORXATA NATURAL BAG IN BOX 10 L para m\u00e1quina dispensadora. Opci\u00f3n botellas de 1 L. GRANIZADOS Zumo de fruta NaturalBAG IN BOX 10 L para m\u00e1quina dispensadora SMOOTHIES Mezcla de fruta y zumos.BAG IN BOX 5 L para m\u00e1quina dispensadora FRAPPES Caf\u00e9, Leche y granizadoBAG IN BOX 5 L para m\u00e1quina [&hellip;]","og_url":"http:\/\/www.orxatesfillol.com\/es\/productos-con-dispensador\/","og_site_name":"Orxates Fillol","article_modified_time":"2023-03-14T09:57:05+00:00","og_image":[{"url":"http:\/\/www.orxatesfillol.com\/wp-content\/uploads\/2023\/03\/Fillol-dispensadores-horchata.jpg","type":"","width":"","height":""}],"twitter_card":"summary_large_image","schema":{"@context":"https:\/\/schema.org","@graph":[{"@type":"WebPage","@id":"http:\/\/www.orxatesfillol.com\/es\/productos-con-dispensador\/","url":"http:\/\/www.orxatesfillol.com\/es\/productos-con-dispensador\/","name":"Productos con dispensador - Orxates Fillol","isPartOf":{"@id":"https:\/\/www.orxatesfillol.com\/#website"},"primaryImageOfPage":{"@id":"http:\/\/www.orxatesfillol.com\/es\/productos-con-dispensador\/#primaryimage"},"image":{"@id":"http:\/\/www.orxatesfillol.com\/es\/productos-con-dispensador\/#primaryimage"},"thumbnailUrl":"http:\/\/www.orxatesfillol.com\/wp-content\/uploads\/2023\/03\/Fillol-dispensadores-horchata.jpg","datePublished":"2023-02-28T16:29:22+00:00","dateModified":"2023-03-14T09:57:05+00:00","breadcrumb":{"@id":"http:\/\/www.orxatesfillol.com\/es\/productos-con-dispensador\/#breadcrumb"},"inLanguage":"es","potentialAction":[{"@type":"ReadAction","target":["http:\/\/www.orxatesfillol.com\/es\/productos-con-dispensador\/"]}]},{"@type":"ImageObject","inLanguage":"es","@id":"http:\/\/www.orxatesfillol.com\/es\/productos-con-dispensador\/#primaryimage","url":"http:\/\/www.orxatesfillol.com\/wp-content\/uploads\/2023\/03\/Fillol-dispensadores-horchata.jpg","contentUrl":"http:\/\/www.orxatesfillol.com\/wp-content\/uploads\/2023\/03\/Fillol-dispensadores-horchata.jpg"},{"@type":"BreadcrumbList","@id":"http:\/\/www.orxatesfillol.com\/es\/productos-con-dispensador\/#breadcrumb","itemListElement":[{"@type":"ListItem","position":1,"name":"Inici","item":"http:\/\/www.orxatesfillol.com\/es\/"},{"@type":"ListItem","position":2,"name":"Productos con dispensador"}]},{"@type":"WebSite","@id":"https:\/\/www.orxatesfillol.com\/#website","url":"https:\/\/www.orxatesfillol.com\/","name":"Orxates Fillol","description":"Orxates, granissats i gelats artesans","publisher":{"@id":"https:\/\/www.orxatesfillol.com\/#organization"},"potentialAction":[{"@type":"SearchAction","target":{"@type":"EntryPoint","urlTemplate":"https:\/\/www.orxatesfillol.com\/?s={search_term_string}"},"query-input":{"@type":"PropertyValueSpecification","valueRequired":true,"valueName":"search_term_string"}}],"inLanguage":"es"},{"@type":"Organization","@id":"https:\/\/www.orxatesfillol.com\/#organization","name":"Orxates Fillol","url":"https:\/\/www.orxatesfillol.com\/","logo":{"@type":"ImageObject","inLanguage":"es","@id":"https:\/\/www.orxatesfillol.com\/#\/schema\/logo\/image\/","url":"http:\/\/www.orxatesfillol.com\/wp-content\/uploads\/2021\/03\/logo-fillol-23.png","contentUrl":"http:\/\/www.orxatesfillol.com\/wp-content\/uploads\/2021\/03\/logo-fillol-23.png","width":350,"height":192,"caption":"Orxates Fillol"},"image":{"@id":"https:\/\/www.orxatesfillol.com\/#\/schema\/logo\/image\/"}}]}},"_links":{"self":[{"href":"http:\/\/www.orxatesfillol.com\/es\/wp-json\/wp\/v2\/pages\/1435","targetHints":{"allow":["GET"]}}],"collection":[{"href":"http:\/\/www.orxatesfillol.com\/es\/wp-json\/wp\/v2\/pages"}],"about":[{"href":"http:\/\/www.orxatesfillol.com\/es\/wp-json\/wp\/v2\/types\/page"}],"author":[{"embeddable":true,"href":"http:\/\/www.orxatesfillol.com\/es\/wp-json\/wp\/v2\/users\/2"}],"replies":[{"embeddable":true,"href":"http:\/\/www.orxatesfillol.com\/es\/wp-json\/wp\/v2\/comments?post=1435"}],"version-history":[{"count":17,"href":"http:\/\/www.orxatesfillol.com\/es\/wp-json\/wp\/v2\/pages\/1435\/revisions"}],"predecessor-version":[{"id":2164,"href":"http:\/\/www.orxatesfillol.com\/es\/wp-json\/wp\/v2\/pages\/1435\/revisions\/2164"}],"wp:attachment":[{"href":"http:\/\/www.orxatesfillol.com\/es\/wp-json\/wp\/v2\/media?parent=1435"}],"curies":[{"name":"wp","href":"https:\/\/api.w.org\/{rel}","templated":true}]}}