{"id":904,"date":"2021-06-08T10:15:12","date_gmt":"2021-06-08T10:15:12","guid":{"rendered":"http:\/\/www.orxatesfillol.com\/politica-de-privacitat\/"},"modified":"2021-06-09T15:26:36","modified_gmt":"2021-06-09T15:26:36","slug":"politica-de-privacidad","status":"publish","type":"page","link":"http:\/\/www.orxatesfillol.com\/es\/politica-de-privacidad\/","title":{"rendered":"Pol\u00edtica de Privacidad"},"content":{"rendered":"\t\t<div data-elementor-type=\"wp-page\" data-elementor-id=\"904\" class=\"elementor elementor-904 elementor-820\" data-elementor-post-type=\"page\">\n\t\t\t\t\t\t<section class=\"elementor-section elementor-top-section elementor-element elementor-element-233b57c elementor-section-boxed elementor-section-height-default elementor-section-height-default\" data-id=\"233b57c\" data-element_type=\"section\">\n\t\t\t\t\t\t<div class=\"elementor-container elementor-column-gap-default\">\n\t\t\t\t\t<div class=\"elementor-column elementor-col-100 elementor-top-column elementor-element elementor-element-d9175e8\" data-id=\"d9175e8\" data-element_type=\"column\">\n\t\t\t<div class=\"elementor-widget-wrap elementor-element-populated\">\n\t\t\t\t\t\t<div class=\"elementor-element elementor-element-1c14afc elementor-widget elementor-widget-text-editor\" data-id=\"1c14afc\" data-element_type=\"widget\" data-widget_type=\"text-editor.default\">\n\t\t\t\t<div class=\"elementor-widget-container\">\n\t\t\t\t\t\t\t\t\t<h3><strong>Pol\u00edtica de privacidad<\/strong><\/h3><p>Desde la presente p\u00e1gina web, responsabilidad de FABRICANT D&#8217;ORXATA FILLOL SL que figura en la propia p\u00e1gina web y en el Aviso Legal, y representada por FABRICANT D&#8217;ORXATA FILLOL SL, queremos ofrecerle una experiencia de navegaci\u00f3n y un servicio seguro y confiable.<\/p><p>Por eso hemos implementado la presente pol\u00edtica de privacidad que cumple con las medidas de seguridad exigidas por la Ley Org\u00e1nica 15\/1999, de 13 de diciembre, de Protecci\u00f3n de Datos (en adelante, LOPD) y el Real Decreto 1720\/2007, de 21 de diciembre, aplicable al tratamiento de datos personales.<\/p><p>La empresa que se encuentra detr\u00e1s de esta plataforma es FABRICANT D&#8217;ORXATA FILLOL SL (en adelante ORXATES FILLOL), de quien incorporamos los datos a continuaci\u00f3n:<\/p><p>FABRICANT D&#8217;ORXATA FILLOL SL<br \/>Carrer Manres\u00e0, nau 5<br \/>08911 Badalona<br \/>CIF\/NIF B-58812504<br \/>xavi@orxatesfillol.com<\/p><p>Para cualquier cosa que necesite como Usuario, puede contactar con nosotros en el correo electr\u00f3nico arriba indicado o en nuestra direcci\u00f3n f\u00edsica.<\/p><p><br \/>1. EN QU\u00c9 APARTADOS DE NUESTRA PLATAFORMA RECOLLIM LOS DATOS PERSONALES DEL USUARIO?<br \/>a) Apartado \u201cContacta\u201d<\/p><p>En nuestra p\u00e1gina web el Usuario encontrar\u00e1 la opci\u00f3n de escribirnos para aclarar todas las dudas que tenga en relaci\u00f3n con el funcionamiento de los servicios presentados en la P\u00e1gina Web o cualquier duda que tenga mediante el formulario que encontrar\u00e1 en el apartado \u00abContacta\u00bb.<\/p><p>Informarle de que, en cualquier caso, contactaremos con usted, en su caso, a trav\u00e9s del correo electr\u00f3nico o datos que nos haya indicado.<\/p><p>b) A trav\u00e9s de nuestro email corporativo<\/p><p>A trav\u00e9s de nuestro email: rosarocacosta@gmail.com, el Usuario nos podr\u00e1 escribir y \/ o requerir la informaci\u00f3n que considere necesaria para aclarar las dudas relacionadas con nuestros productos o sobre el funcionamiento de la P\u00e1gina Web o blog.<\/p><p>c) Por sus comentarios en el blog<\/p><p>Tambi\u00e9n podremos tener acceso a sus datos por los comentarios que pueda hacer a art\u00edculos del blog, ya que las utilizaremos para dar respuesta al que haya sugerido o comentado, en su caso.<\/p><p>2. QU\u00c9 es la FINALIDAD DE LA RECOGIDA DE DATOS?<br \/>La finalidad de la recogida de datos en todos los apartados mencionados en el punto anterior es la de mantener un contacto, directo y personalizado, con nuestros Usuarios o Clientes. De este modo, utilizaremos la informaci\u00f3n personal que tengamos, para gestionar y dar respuesta a las peticiones; as\u00ed como para fines de publicidad y de prospecci\u00f3n comercial de los que la hayamos informado.<\/p><p>El e-mail que el Usuario nos remita mediante el apartado de contacto y \/ o el e-mail desde el que nos escriba a nuestro correo corporativo, lo utilizaremos para remitir informaci\u00f3n relacionada con las dudas o inquietudes que nos hayan planteado, consejos, noticias y promociones, seg\u00fan corresponda.<\/p><p>En ning\u00fan caso recibir\u00e1 el Usuario informaci\u00f3n de terceros sin haberle informado y solicitado su consentimiento previo, velando de esta manera para cumplir con los par\u00e1metros de la ley.<\/p><p><br \/>3. USO DE DATOS PERSONALES<br \/>Comunicamos a nuestros Usuarios que los datos personales que nos faciliten ser\u00e1n incorporados a un fichero titularidad de ORXATES FILLOL, debidamente inscrito en el Registro General de Protecci\u00f3n de Datos de la Agencia Espa\u00f1ola.<\/p><p>La finalidad del tratamiento de datos por las v\u00edas establecidas en el punto 1 ser\u00e1n, en detalle, las siguientes:<\/p><p>1. Responder a las consultas o solicitudes de informaci\u00f3n que el Usuario pueda realizar.<\/p><p><br \/>4. COMPARTIR INFORMACI\u00d3N CON TERCEROS<br \/>Como ya se ha establecido en los puntos anterior, los responsables de esta p\u00e1gina no facilitar\u00e1n los datos de los Usuarios a terceros, excepto aquellas que los propios Usuarios pongan a disposici\u00f3n de otros Usuarios de la P\u00e1gina Web.<\/p><p>Advertirle que, como Usuario, el uso de las funciones habilitadas a trav\u00e9s de esta plataforma que permita la distribuci\u00f3n de contenidos y la interacci\u00f3n con otros Usuarios como, por ejemplo, la inserci\u00f3n de comentarios en el blog, puede implicar que se muestren parte de los datos de los Usuarios por fuera de la plataforma.<\/p><p>De este modo, cuando el Usuario publica contenidos en un grupo abierto, estos contenidos y los datos personales vinculados a los mismos pueden aparecer en los resultados de motores de b\u00fasqueda.<\/p><p>Es importante que como Usuario sea consciente de que la retirada de estos contenidos por ORXATES FILLOL a solicitud del Usuario no impedir\u00e1 su r\u00e9plica en otros sitios web, sobre los que los responsables de la p\u00e1gina no tienen ning\u00fan control.<\/p><p><br \/>5. CONSENTIMIENTO EXPRESO PARA EL TRATAMIENTO DE LOS DATOS<br \/>En cumplimiento de lo exige la Ley Org\u00e1nica de Protecci\u00f3n de Datos y atendiendo a lo establecido en nuestras pol\u00edticas internas, cada vez que el Usuario nos env\u00ede datos personales, deber\u00e1 dar su consentimiento expreso haciendo clic en la casilla que aparece en la parte inferior de cada formulario donde se recogen los datos, o cuando nos escribe a nuestro correo electr\u00f3nico de contacto, estar\u00e1 aceptando expresamente que podamos utilizar los datos para la finalidad o petici\u00f3n que nos haya indicado.<\/p><p>Con esta (s) acci\u00f3n (es), el Usuario nos est\u00e1 manifestando de forma libre e inequ\u00edvoca que est\u00e1 de acuerdo con que tratamos sus datos de acuerdo con las finalidades mencionadas en los apartados anteriores.<\/p><p>El Usuario garantiza que los datos personales facilitados en esta p\u00e1gina son veraces y se hace responsable de comunicar cualquier modificaci\u00f3n de las mismas.<\/p><p>La aceptaci\u00f3n del Usuario de que sus datos sean tratados con las finalidades referidas en esta pol\u00edtica tiene siempre car\u00e1cter revocable, sin efectos retroactivos, de acuerdo con lo dispuesto en la legislaci\u00f3n vigente.<\/p><p><br \/>6. Sobre LOS DERECHOS DEL USUARIO DE ACCESO, RECTIFICACI\u00d3N, CANCELACI\u00d3N Y OPOSICI\u00d3N<br \/>La Ley Org\u00e1nica de Protecci\u00f3n de datos ha implementado una serie de garant\u00edas jur\u00eddicas que permiten al Usuario ejercer derechos y acciones relacionadas con el tratamiento de sus datos.<\/p><p>ORXATESFILLOL la ofrece esta garant\u00eda legal, con lo cual, en cualquier momento y \/ o cuando as\u00ed lo considere conveniente, el Usuario podr\u00e1 hacer uso de sus derechos de acceso, rectificaci\u00f3n, cancelaci\u00f3n y oposici\u00f3n escribiendo a nuestro correo de contacto: xavi@orxatesfillol.com o enviarnos una solicitud por correo f\u00edsico en la Carrer Manres\u00e0, nau 5 08911 Badalona adjuntando en ambos casos copia del pasaporte o el DNI (titular de los datos) e indicando en el asunto, de manera expresa, la petici\u00f3n que quiere hacer: acceso, rectificaci\u00f3n, cancelaci\u00f3n y \/ o oposici\u00f3n.<\/p><p>No obstante, lo anterior es importante que el Usuario tenga en cuenta que la informaci\u00f3n que haya compartido con Usuarios podr\u00e1 seguir siendo visible y que los responsables de esta p\u00e1gina se exoneran de toda responsabilidad en relaci\u00f3n a la eliminaci\u00f3n de esta informaci\u00f3n que ya forma parte de las cuentas y perfiles de otros Usuarios, como ya se le ha advertido en los anteriores p\u00e1rrafos.<\/p><p>Recordar al Usuario que, en virtud de lo dispuesto en la normativa de protecci\u00f3n de datos, cuando ejerza un derecho a cancelaci\u00f3n de datos lo que se produce en nuestro sistema y que est\u00e1 permitido por la citada ley, es un bloqueo del acceso a sus datos. As\u00ed pues, quedar\u00e1n totalmente eliminadas de manera visible por nuestra parte y en nuestros sistemas, pero a la vez quedar\u00e1n almacenadas durante el tiempo que sea necesario por ley, totalmente limitadas, si bien; y para el caso de que se pudiera acceder a ellas, en una orden judicial as\u00ed lo estableciera.<\/p><p><br \/>7. MAYOR\u00edA DE EDAD<br \/>Como ya consta en el Aviso Legal, para ser Cliente o Usuario de nuestra P\u00e1gina Web, es necesaria la mayor\u00eda de edad por lo que, para poder disfrutar de nuestros productos y servicios, ser\u00e1 necesario que el Usuario sea mayor de 18 a\u00f1os.<\/p><p><br \/>8. LAS MEDIDAS DE SEGURIDAD EN LA RECOGIDA DE DATOS<br \/>Para garantizar la seguridad en nuestra plataforma, hemos integrado un sistema de seguridad que nos permite mantener la confidencialidad y la integridad de los datos de nuestros clientes que hayan sido remitidas o recogidas a trav\u00e9s de los medios mencionados en el primer punto.<\/p><p>De esta manera, los responsables de esta p\u00e1gina web mantienen los niveles de seguridad de protecci\u00f3n de sus datos requeridos por el Real Decreto 1720\/2007, de 21 de diciembre, por el que se aprueba el Reglamento de desarrollo de la Ley de Protecci\u00f3n de datos, y ha establecido todos los medios t\u00e9cnicos a su alcance para evitar la p\u00e9rdida, mal uso, alteraci\u00f3n, acceso no autorizado y robo de los datos que el Usuario facilite a trav\u00e9s de la P\u00e1gina Web.<\/p><p>No obstante lo anterior, en calidad de cliente y \/ o usuario de nuestra P\u00e1gina Web, el Usuario entiende, acepta y comprende que las medidas de seguridad en Internet no son inexpugnables y que, por tanto, obliga a adoptar las medidas de seguridad necesarias que le permitan confiar en la veracidad de la web en la que est\u00e1 introduciendo sus datos.<\/p><p>Nosotros tambi\u00e9n haremos lo posible para garantizar en todo momento la privacidad y seguridad de sus datos de identificaci\u00f3n, utilizando siempre la m\u00e1xima diligencia e implementando las medidas que sean necesarias.<\/p><p>No obstante lo anterior, informamos al Usuario que \u00e9l ser\u00e1 el \u00fanico responsable sobre las medidas de seguridad que implemente en relaci\u00f3n con la protecci\u00f3n de sus datos. Por lo tanto, los responsables de esta p\u00e1gina no se hacen responsables de las situaciones donde el Cliente y \/ o Usuario no haya implementado las medidas de seguridad que corresponda, ni de sus consecuencias, as\u00ed como por causas o da\u00f1os provocados por terceros ajenos a estos responsables, incluyendo casos fortuitos y \/ o de fuerza mayor.<\/p><p>De acuerdo con lo establecido antes, los responsables de esta p\u00e1gina no pueden garantizar que terceros no autorizados puedan tener conocimiento de la clase, condiciones, caracter\u00edsticas y circunstancias del uso que los Usuarios hacen de los servicios ofrecidos a la plataforma; o que puedan acceder o manipular los mensajes y comunicaciones de cualquier clase que los Usuarios difundan o pongan a disposici\u00f3n de terceros a trav\u00e9s de estos servicios. Sin embargo, como medida, s\u00ed se han dispuesto unas condiciones de uso en nuestro Aviso legal y, para los Usuarios registrados, se dispone de condiciones espec\u00edficas y, incluso, un c\u00f3digo \u00e9tico.<\/p><p><br \/>9. COOKIES<br \/>La p\u00e1gina web utiliza cookies de terceros para el seguimiento y mejora de determinadas funcionalidades y servicios. Si el Usuario desea consultar cu\u00e1l es nuestra pol\u00edtica al respecto, consulte aqu\u00ed.<\/p><p><br \/>10. MODIFICACI\u00d3N DE LA PRESENTE POL\u00cdTICA DE PRIVACIDAD<br \/>Nos reservamos el derecho a modificar la presente pol\u00edtica para adaptarla a futuras novedades legislativas o jurisprudenciales, as\u00ed como futuros usos que proyecte realizar de los datos personales de los Usuarios de la P\u00e1gina Web. En caso de que esta modificaci\u00f3n le afectara en lo relativo al tratamiento de sus datos, por ejemplo, porque se realiza un tratamiento adicional de las mismas, no informado previamente, proceder\u00edamos a notificarle.<\/p><p>Se recomienda, en todo caso, al Usuario, que proceda a la lectura de la Pol\u00edtica de Protecci\u00f3n de Datos de Car\u00e1cter Personal de la P\u00e1gina Web cada vez que acceda a la misma.<\/p><p><br \/>11. INTEGRACI\u00d3N CON EL RESTO DE TEXTOS LEGALES<br \/>Esta pol\u00edtica de privacidad se complementa con el Aviso Legal y la Pol\u00edtica de cookies asociada a esta plataforma.<\/p><p>\u00a0<\/p>\t\t\t\t\t\t\t\t<\/div>\n\t\t\t\t<\/div>\n\t\t\t\t\t<\/div>\n\t\t<\/div>\n\t\t\t\t\t<\/div>\n\t\t<\/section>\n\t\t\t\t<\/div>\n\t\t","protected":false},"excerpt":{"rendered":"<p>Pol\u00edtica de privacidad Desde la presente p\u00e1gina web, responsabilidad de FABRICANT D&#8217;ORXATA FILLOL SL que figura en la propia p\u00e1gina web y en el Aviso Legal, y representada por FABRICANT D&#8217;ORXATA FILLOL SL, queremos ofrecerle una experiencia de navegaci\u00f3n y un servicio seguro y confiable. Por eso hemos implementado la presente pol\u00edtica de privacidad que [&hellip;]<\/p>\n","protected":false},"author":2,"featured_media":0,"parent":0,"menu_order":0,"comment_status":"closed","ping_status":"closed","template":"","meta":{"footnotes":""},"class_list":["post-904","page","type-page","status-publish","hentry"],"yoast_head":"<!-- This site is optimized with the Yoast SEO plugin v26.8 - https:\/\/yoast.com\/product\/yoast-seo-wordpress\/ -->\n<title>Pol\u00edtica de Privacidad - Orxates Fillol<\/title>\n<meta name=\"robots\" content=\"index, follow, max-snippet:-1, max-image-preview:large, max-video-preview:-1\" \/>\n<link rel=\"canonical\" href=\"http:\/\/www.orxatesfillol.com\/es\/politica-de-privacidad\/\" \/>\n<meta property=\"og:locale\" content=\"es_ES\" \/>\n<meta property=\"og:type\" content=\"article\" \/>\n<meta property=\"og:title\" content=\"Pol\u00edtica de Privacidad - Orxates Fillol\" \/>\n<meta property=\"og:description\" content=\"Pol\u00edtica de privacidad Desde la presente p\u00e1gina web, responsabilidad de FABRICANT D&#8217;ORXATA FILLOL SL que figura en la propia p\u00e1gina web y en el Aviso Legal, y representada por FABRICANT D&#8217;ORXATA FILLOL SL, queremos ofrecerle una experiencia de navegaci\u00f3n y un servicio seguro y confiable. Por eso hemos implementado la presente pol\u00edtica de privacidad que [&hellip;]\" \/>\n<meta property=\"og:url\" content=\"http:\/\/www.orxatesfillol.com\/es\/politica-de-privacidad\/\" \/>\n<meta property=\"og:site_name\" content=\"Orxates Fillol\" \/>\n<meta property=\"article:modified_time\" content=\"2021-06-09T15:26:36+00:00\" \/>\n<meta name=\"twitter:card\" content=\"summary_large_image\" \/>\n<meta name=\"twitter:label1\" content=\"Tiempo de lectura\" \/>\n\t<meta name=\"twitter:data1\" content=\"10 minutos\" \/>\n<script type=\"application\/ld+json\" class=\"yoast-schema-graph\">{\"@context\":\"https:\/\/schema.org\",\"@graph\":[{\"@type\":\"WebPage\",\"@id\":\"http:\/\/www.orxatesfillol.com\/es\/politica-de-privacidad\/\",\"url\":\"http:\/\/www.orxatesfillol.com\/es\/politica-de-privacidad\/\",\"name\":\"Pol\u00edtica de Privacidad - Orxates Fillol\",\"isPartOf\":{\"@id\":\"https:\/\/www.orxatesfillol.com\/#website\"},\"datePublished\":\"2021-06-08T10:15:12+00:00\",\"dateModified\":\"2021-06-09T15:26:36+00:00\",\"breadcrumb\":{\"@id\":\"http:\/\/www.orxatesfillol.com\/es\/politica-de-privacidad\/#breadcrumb\"},\"inLanguage\":\"es\",\"potentialAction\":[{\"@type\":\"ReadAction\",\"target\":[\"http:\/\/www.orxatesfillol.com\/es\/politica-de-privacidad\/\"]}]},{\"@type\":\"BreadcrumbList\",\"@id\":\"http:\/\/www.orxatesfillol.com\/es\/politica-de-privacidad\/#breadcrumb\",\"itemListElement\":[{\"@type\":\"ListItem\",\"position\":1,\"name\":\"Inici\",\"item\":\"http:\/\/www.orxatesfillol.com\/es\/\"},{\"@type\":\"ListItem\",\"position\":2,\"name\":\"Pol\u00edtica de Privacidad\"}]},{\"@type\":\"WebSite\",\"@id\":\"https:\/\/www.orxatesfillol.com\/#website\",\"url\":\"https:\/\/www.orxatesfillol.com\/\",\"name\":\"Orxates Fillol\",\"description\":\"Orxates, granissats i gelats artesans\",\"publisher\":{\"@id\":\"https:\/\/www.orxatesfillol.com\/#organization\"},\"potentialAction\":[{\"@type\":\"SearchAction\",\"target\":{\"@type\":\"EntryPoint\",\"urlTemplate\":\"https:\/\/www.orxatesfillol.com\/?s={search_term_string}\"},\"query-input\":{\"@type\":\"PropertyValueSpecification\",\"valueRequired\":true,\"valueName\":\"search_term_string\"}}],\"inLanguage\":\"es\"},{\"@type\":\"Organization\",\"@id\":\"https:\/\/www.orxatesfillol.com\/#organization\",\"name\":\"Orxates Fillol\",\"url\":\"https:\/\/www.orxatesfillol.com\/\",\"logo\":{\"@type\":\"ImageObject\",\"inLanguage\":\"es\",\"@id\":\"https:\/\/www.orxatesfillol.com\/#\/schema\/logo\/image\/\",\"url\":\"http:\/\/www.orxatesfillol.com\/wp-content\/uploads\/2021\/03\/logo-fillol-23.png\",\"contentUrl\":\"http:\/\/www.orxatesfillol.com\/wp-content\/uploads\/2021\/03\/logo-fillol-23.png\",\"width\":350,\"height\":192,\"caption\":\"Orxates Fillol\"},\"image\":{\"@id\":\"https:\/\/www.orxatesfillol.com\/#\/schema\/logo\/image\/\"}}]}<\/script>\n<!-- \/ Yoast SEO plugin. -->","yoast_head_json":{"title":"Pol\u00edtica de Privacidad - Orxates Fillol","robots":{"index":"index","follow":"follow","max-snippet":"max-snippet:-1","max-image-preview":"max-image-preview:large","max-video-preview":"max-video-preview:-1"},"canonical":"http:\/\/www.orxatesfillol.com\/es\/politica-de-privacidad\/","og_locale":"es_ES","og_type":"article","og_title":"Pol\u00edtica de Privacidad - Orxates Fillol","og_description":"Pol\u00edtica de privacidad Desde la presente p\u00e1gina web, responsabilidad de FABRICANT D&#8217;ORXATA FILLOL SL que figura en la propia p\u00e1gina web y en el Aviso Legal, y representada por FABRICANT D&#8217;ORXATA FILLOL SL, queremos ofrecerle una experiencia de navegaci\u00f3n y un servicio seguro y confiable. Por eso hemos implementado la presente pol\u00edtica de privacidad que [&hellip;]","og_url":"http:\/\/www.orxatesfillol.com\/es\/politica-de-privacidad\/","og_site_name":"Orxates Fillol","article_modified_time":"2021-06-09T15:26:36+00:00","twitter_card":"summary_large_image","twitter_misc":{"Tiempo de lectura":"10 minutos"},"schema":{"@context":"https:\/\/schema.org","@graph":[{"@type":"WebPage","@id":"http:\/\/www.orxatesfillol.com\/es\/politica-de-privacidad\/","url":"http:\/\/www.orxatesfillol.com\/es\/politica-de-privacidad\/","name":"Pol\u00edtica de Privacidad - Orxates Fillol","isPartOf":{"@id":"https:\/\/www.orxatesfillol.com\/#website"},"datePublished":"2021-06-08T10:15:12+00:00","dateModified":"2021-06-09T15:26:36+00:00","breadcrumb":{"@id":"http:\/\/www.orxatesfillol.com\/es\/politica-de-privacidad\/#breadcrumb"},"inLanguage":"es","potentialAction":[{"@type":"ReadAction","target":["http:\/\/www.orxatesfillol.com\/es\/politica-de-privacidad\/"]}]},{"@type":"BreadcrumbList","@id":"http:\/\/www.orxatesfillol.com\/es\/politica-de-privacidad\/#breadcrumb","itemListElement":[{"@type":"ListItem","position":1,"name":"Inici","item":"http:\/\/www.orxatesfillol.com\/es\/"},{"@type":"ListItem","position":2,"name":"Pol\u00edtica de Privacidad"}]},{"@type":"WebSite","@id":"https:\/\/www.orxatesfillol.com\/#website","url":"https:\/\/www.orxatesfillol.com\/","name":"Orxates Fillol","description":"Orxates, granissats i gelats artesans","publisher":{"@id":"https:\/\/www.orxatesfillol.com\/#organization"},"potentialAction":[{"@type":"SearchAction","target":{"@type":"EntryPoint","urlTemplate":"https:\/\/www.orxatesfillol.com\/?s={search_term_string}"},"query-input":{"@type":"PropertyValueSpecification","valueRequired":true,"valueName":"search_term_string"}}],"inLanguage":"es"},{"@type":"Organization","@id":"https:\/\/www.orxatesfillol.com\/#organization","name":"Orxates Fillol","url":"https:\/\/www.orxatesfillol.com\/","logo":{"@type":"ImageObject","inLanguage":"es","@id":"https:\/\/www.orxatesfillol.com\/#\/schema\/logo\/image\/","url":"http:\/\/www.orxatesfillol.com\/wp-content\/uploads\/2021\/03\/logo-fillol-23.png","contentUrl":"http:\/\/www.orxatesfillol.com\/wp-content\/uploads\/2021\/03\/logo-fillol-23.png","width":350,"height":192,"caption":"Orxates Fillol"},"image":{"@id":"https:\/\/www.orxatesfillol.com\/#\/schema\/logo\/image\/"}}]}},"_links":{"self":[{"href":"http:\/\/www.orxatesfillol.com\/es\/wp-json\/wp\/v2\/pages\/904","targetHints":{"allow":["GET"]}}],"collection":[{"href":"http:\/\/www.orxatesfillol.com\/es\/wp-json\/wp\/v2\/pages"}],"about":[{"href":"http:\/\/www.orxatesfillol.com\/es\/wp-json\/wp\/v2\/types\/page"}],"author":[{"embeddable":true,"href":"http:\/\/www.orxatesfillol.com\/es\/wp-json\/wp\/v2\/users\/2"}],"replies":[{"embeddable":true,"href":"http:\/\/www.orxatesfillol.com\/es\/wp-json\/wp\/v2\/comments?post=904"}],"version-history":[{"count":1,"href":"http:\/\/www.orxatesfillol.com\/es\/wp-json\/wp\/v2\/pages\/904\/revisions"}],"predecessor-version":[{"id":905,"href":"http:\/\/www.orxatesfillol.com\/es\/wp-json\/wp\/v2\/pages\/904\/revisions\/905"}],"wp:attachment":[{"href":"http:\/\/www.orxatesfillol.com\/es\/wp-json\/wp\/v2\/media?parent=904"}],"curies":[{"name":"wp","href":"https:\/\/api.w.org\/{rel}","templated":true}]}}